{"id":89799,"date":"2017-12-11T09:49:23","date_gmt":"2017-12-11T08:49:23","guid":{"rendered":"https:\/\/sdcverifier.com\/software\/"},"modified":"2026-03-17T13:23:42","modified_gmt":"2026-03-17T12:23:42","slug":"software","status":"publish","type":"page","link":"https:\/\/sdcverifier.com\/es\/software\/","title":{"rendered":"Software"},"content":{"rendered":"<section class=\"hero-secondary hero-secondary--overlapped\">\n    <div class=\"wrapper wrapper--hero\">\n        <div class=\"hero-secondary__container \">\n            <script type=\"application\/ld+json\">{\"@context\":\"https:\/\/schema.org\",\"@type\":\"BreadcrumbList\",\"itemListElement\":[{\"@type\":\"ListItem\",\"position\":1,\"name\":\"Inicio\"}]}<\/script><div class=\"hero-secondary__breadcrumbs\"><span>Inicio<\/span><\/div>                                                                                                                <h1 class=\"title-only\">Software SDC Verifier<\/h1>\n                                                                                                                                                                                    <\/div>\n    <\/div>\n<\/section><section class=\"free-tools downloads\">\n    <div class=\"wrapper\">\n        <div class=\"free-tools__container container container--white\">\n            <h3 class=\"title\">Productos<\/h3>\n                            <div class=\"free-tools__content content\">\n                                            <a href=\"https:\/\/sdcverifier.com\/es\/software\/sdc-for-simcenter-3d\/\" id=\"post-90261\" class=\"free-tools__item\">\n                            <div class=\"badge\">Prueba gratuita<\/div>\n<div class=\"free-tools__thumb\">\n            <img decoding=\"async\" width=\"210\" height=\"50\" src=\"https:\/\/sdcverifier.com\/wp-content\/uploads\/2025\/06\/Simcenter_app.svg\" class=\"attachment-full size-full wp-post-image\" alt=\"\" \/>    <\/div>\n<div class=\"free-tools__txt\">\n    <h5>SDC for Simcenter 3D<\/h5>\n    <p>Optimice la verificaci\u00f3n estructural en Simcenter 3D mediante herramientas avanzadas de reconocimiento. Aplique normas incorporadas para fatiga, pandeo y soldaduras para agilizar la validaci\u00f3n del dise\u00f1o. <\/p>\n<\/div>\n<button>\n    Leer m\u00e1s    <svg xmlns=\"http:\/\/www.w3.org\/2000\/svg\" width=\"14\" height=\"14\" viewBox=\"0 0 14 14\" fill=\"none\">\n    <path d=\"M2.59961 2.31543L6.56869 7.00543C6.56869 7.00543 2.71083 11.5641 2.60229 11.6927M7.43555 2.2998L11.4046 6.9898L7.43555 11.6798\" stroke=\"#3D315C\" stroke-width=\"1.34\" \/>\n<\/svg><\/button>                        <\/a>\n                                            <a href=\"https:\/\/sdcverifier.com\/es\/software\/sdc-for-femap\/\" id=\"post-90275\" class=\"free-tools__item\">\n                            <div class=\"badge\">Prueba gratuita<\/div>\n<div class=\"free-tools__thumb\">\n            <img decoding=\"async\" width=\"210\" height=\"50\" src=\"https:\/\/sdcverifier.com\/wp-content\/uploads\/2025\/06\/Femap_app.svg\" class=\"attachment-full size-full wp-post-image\" alt=\"\" \/>    <\/div>\n<div class=\"free-tools__txt\">\n    <h5>SDC for Femap<\/h5>\n    <p>Mejora la verificaci\u00f3n estructural dentro de Simcenter Femap con c\u00f3digos de ingenier\u00eda predefinidos. Detecta soldaduras, vigas y juntas autom\u00e1ticamente, garantizando el cumplimiento de la normativa industrial. <\/p>\n<\/div>\n<button>\n    Leer m\u00e1s    <svg xmlns=\"http:\/\/www.w3.org\/2000\/svg\" width=\"14\" height=\"14\" viewBox=\"0 0 14 14\" fill=\"none\">\n    <path d=\"M2.59961 2.31543L6.56869 7.00543C6.56869 7.00543 2.71083 11.5641 2.60229 11.6927M7.43555 2.2998L11.4046 6.9898L7.43555 11.6798\" stroke=\"#3D315C\" stroke-width=\"1.34\" \/>\n<\/svg><\/button>                        <\/a>\n                                            <a href=\"https:\/\/sdcverifier.com\/es\/software\/sdc-verifier-ansys\/\" id=\"post-90910\" class=\"free-tools__item\">\n                            <div class=\"badge\">Prueba gratuita<\/div>\n<div class=\"free-tools__thumb\">\n            <img decoding=\"async\" width=\"207\" height=\"62\" src=\"https:\/\/sdcverifier.com\/wp-content\/uploads\/2025\/02\/Logos.svg\" class=\"attachment-full size-full wp-post-image\" alt=\"\" \/>    <\/div>\n<div class=\"free-tools__txt\">\n    <h5>SDC for Ansys<\/h5>\n    <p>Mejora la verificaci\u00f3n estructural directamente en Ansys Mechanical. Utiliza las normas incorporadas, las herramientas de reconocimiento autom\u00e1tico y la integraci\u00f3n perfecta para simplificar el cumplimiento y la optimizaci\u00f3n. <\/p>\n<\/div>\n<button>\n    Leer m\u00e1s    <svg xmlns=\"http:\/\/www.w3.org\/2000\/svg\" width=\"14\" height=\"14\" viewBox=\"0 0 14 14\" fill=\"none\">\n    <path d=\"M2.59961 2.31543L6.56869 7.00543C6.56869 7.00543 2.71083 11.5641 2.60229 11.6927M7.43555 2.2998L11.4046 6.9898L7.43555 11.6798\" stroke=\"#3D315C\" stroke-width=\"1.34\" \/>\n<\/svg><\/button>                        <\/a>\n                                            <a href=\"https:\/\/sdcverifier.com\/es\/software\/cosude-sam\/\" id=\"post-90948\" class=\"free-tools__item\">\n                            <div class=\"badge\">Prueba gratuita<\/div>\n<div class=\"free-tools__thumb\">\n            <img decoding=\"async\" width=\"160\" height=\"62\" src=\"https:\/\/sdcverifier.com\/wp-content\/uploads\/2025\/02\/Logos-1.svg\" class=\"attachment-full size-full wp-post-image\" alt=\"\" \/>    <\/div>\n<div class=\"free-tools__txt\">\n    <h5>COSUDE SAM<\/h5>\n    <p>Gestiona la seguridad estructural con una plataforma de nueva generaci\u00f3n que integra AEF, datos y automatizaci\u00f3n. Detecta riesgos, optimiza el mantenimiento y ampl\u00eda la vida \u00fatil de los activos con informaci\u00f3n en tiempo real. <\/p>\n<\/div>\n<button>\n    Leer m\u00e1s    <svg xmlns=\"http:\/\/www.w3.org\/2000\/svg\" width=\"14\" height=\"14\" viewBox=\"0 0 14 14\" fill=\"none\">\n    <path d=\"M2.59961 2.31543L6.56869 7.00543C6.56869 7.00543 2.71083 11.5641 2.60229 11.6927M7.43555 2.2998L11.4046 6.9898L7.43555 11.6798\" stroke=\"#3D315C\" stroke-width=\"1.34\" \/>\n<\/svg><\/button>                        <\/a>\n                                            <a href=\"https:\/\/sdcverifier.com\/es\/software\/sdc-verifier\/\" id=\"post-90983\" class=\"free-tools__item\">\n                            <div class=\"badge\">Prueba gratuita<\/div>\n<div class=\"free-tools__thumb\">\n            <img decoding=\"async\" width=\"176\" height=\"52\" src=\"https:\/\/sdcverifier.com\/wp-content\/uploads\/2025\/02\/svg7785.svg\" class=\"attachment-full size-full wp-post-image\" alt=\"\" \/>    <\/div>\n<div class=\"free-tools__txt\">\n    <h5>SDC Verifier<\/h5>\n    <p>Automatiza la verificaci\u00f3n de modelos de AEF con una potente soluci\u00f3n todo en uno. Garantiza el cumplimiento de las normas del sector y los c\u00f3digos de dise\u00f1o, al tiempo que agilizas el an\u00e1lisis y la validaci\u00f3n estructurales. <\/p>\n<\/div>\n<button>\n    Leer m\u00e1s    <svg xmlns=\"http:\/\/www.w3.org\/2000\/svg\" width=\"14\" height=\"14\" viewBox=\"0 0 14 14\" fill=\"none\">\n    <path d=\"M2.59961 2.31543L6.56869 7.00543C6.56869 7.00543 2.71083 11.5641 2.60229 11.6927M7.43555 2.2998L11.4046 6.9898L7.43555 11.6798\" stroke=\"#3D315C\" stroke-width=\"1.34\" \/>\n<\/svg><\/button>                        <\/a>\n                                    <\/div>\n                                    <\/div>\n    <\/div>\n<\/section>","protected":false},"excerpt":{"rendered":"","protected":false},"author":16,"featured_media":0,"parent":0,"menu_order":132,"comment_status":"closed","ping_status":"closed","template":"","meta":{"_acf_changed":false,"inline_featured_image":false,"footnotes":""},"class_list":["post-89799","page","type-page","status-publish","hentry"],"acf":[],"aioseo_notices":[],"_links":{"self":[{"href":"https:\/\/sdcverifier.com\/es\/wp-json\/wp\/v2\/pages\/89799","targetHints":{"allow":["GET"]}}],"collection":[{"href":"https:\/\/sdcverifier.com\/es\/wp-json\/wp\/v2\/pages"}],"about":[{"href":"https:\/\/sdcverifier.com\/es\/wp-json\/wp\/v2\/types\/page"}],"author":[{"embeddable":true,"href":"https:\/\/sdcverifier.com\/es\/wp-json\/wp\/v2\/users\/16"}],"replies":[{"embeddable":true,"href":"https:\/\/sdcverifier.com\/es\/wp-json\/wp\/v2\/comments?post=89799"}],"version-history":[{"count":0,"href":"https:\/\/sdcverifier.com\/es\/wp-json\/wp\/v2\/pages\/89799\/revisions"}],"wp:attachment":[{"href":"https:\/\/sdcverifier.com\/es\/wp-json\/wp\/v2\/media?parent=89799"}],"curies":[{"name":"wp","href":"https:\/\/api.w.org\/{rel}","templated":true}]}}