{"id":90358,"date":"2020-12-23T13:10:13","date_gmt":"2020-12-23T12:10:13","guid":{"rendered":"https:\/\/sdcverifier.com\/problemas-conocidos\/"},"modified":"2026-03-17T16:13:38","modified_gmt":"2026-03-17T15:13:38","slug":"problemas-conocidos","status":"publish","type":"page","link":"https:\/\/sdcverifier.com\/es\/software\/sdc-verifier\/problemas-conocidos\/","title":{"rendered":"Problemas conocidos"},"content":{"rendered":"<section class=\"hero-secondary hero-secondary--overlapped\">\n    <div class=\"wrapper wrapper--hero\">\n        <div class=\"hero-secondary__container \">\n            <script type=\"application\/ld+json\">{\"@context\":\"https:\/\/schema.org\",\"@type\":\"BreadcrumbList\",\"itemListElement\":[{\"@type\":\"ListItem\",\"position\":1,\"name\":\"Inicio\"}]}<\/script><div class=\"hero-secondary__breadcrumbs\"><span>Inicio<\/span><\/div>                                                                                                                <h1 class=\"title-only\">Problemas conocidos<\/h1>\n                                                                                                                                                                                    <\/div>\n    <\/div>\n<\/section><section class=\"issues-limitations\">\n    <div class=\"wrapper\">\n        <div class=\"container container--white\">\n            <div class=\"issues-limitations__content content\">\n                <div class=\"issues-limitations__left\">\n                                            <img decoding=\"async\" src=\"https:\/\/sdcverifier.com\/wp-content\/uploads\/2025\/02\/Rectangle-1923.png\" \/>\n                                    <\/div>\n                <div class=\"issues-limitations__right\">\n                    <div class=\"issues-limitations__txt issues-limitations__txt--grey\">\n\n                                                    <h3>Problemas conocidos y limitaciones<\/h3>\n                        \n                        <div class=\"issues-limitations__block\">\n                                                            <ul>\n<li>Esta secci\u00f3n destaca los problemas y limitaciones conocidos para versiones espec\u00edficas de SDC Verifier, ayud\u00e1ndole a mantenerse informado.<\/li>\n<li>Los problemas identificados se documentan para proporcionar claridad sobre los retos potenciales al utilizar nuestro software.<\/li>\n<li>Nuestro equipo est\u00e1 abordando activamente estos problemas, y las actualizaciones se compartir\u00e1n a medida que se publiquen las correcciones.<\/li>\n<li>La lista evoluciona con nuevas versiones y actualizaciones: vuelva a consultarla con regularidad para obtener la informaci\u00f3n m\u00e1s reciente.<\/li>\n<\/ul>\n                                                    <\/div>\n                    <\/div>\n                <\/div>\n            <\/div>\n        <\/div>\n    <\/div>\n<\/section>\n<section class=\"known-issues\" data-type=\"page\" data-perpage=\"8\" data-parent-page=\"90358\" data-page-url=\"https:\/\/sdcverifier.com\/es\/software\/sdc-verifier\/problemas-conocidos\/\">\n    <div class=\"wrapper\">\n        <div class=\"known-issues__container container container--white\">\n            <div class=\"known-issues__content content ajax-content\" data-count=\"10\" data-pages=\"2\">\n                                                            <a href=\"https:\/\/sdcverifier.com\/es\/software\/sdc-verifier\/problemas-conocidos\/problemas-conocidos-de-sdc-verifier-2025-r2\/\" class=\"known-issue\">\n    <div class=\"known-issue__contacts\">\n        <h4>Problemas conocidos de SDC Verifier 2025 R2<\/h4>\n        <span><em>\/<\/em> 03 Nov 2025<\/span>\n    <\/div>\n    <div href=\"https:\/\/sdcverifier.com\/es\/software\/sdc-verifier\/problemas-conocidos\/problemas-conocidos-de-sdc-verifier-2025-r2\/\" class=\"known-issue__link\">\n        <svg xmlns=\"http:\/\/www.w3.org\/2000\/svg\" width=\"24\" height=\"24\" viewBox=\"0 0 24 24\" fill=\"none\">\n    <path d=\"M7 17L17 7M17 7H7M17 7V17\" stroke=\"white\" stroke-linecap=\"round\" stroke-linejoin=\"round\" \/>\n<\/svg>    <\/div>\n<\/a>                                            <a href=\"https:\/\/sdcverifier.com\/es\/software\/sdc-verifier\/problemas-conocidos\/sdc-verifier-todas-las-versiones-problemas-conocidos\/\" class=\"known-issue\">\n    <div class=\"known-issue__contacts\">\n        <h4>SDC Verifier todas las versiones &#8211; problemas conocidos<\/h4>\n        <span><em>\/<\/em> 05 Sep 2025<\/span>\n    <\/div>\n    <div href=\"https:\/\/sdcverifier.com\/es\/software\/sdc-verifier\/problemas-conocidos\/sdc-verifier-todas-las-versiones-problemas-conocidos\/\" class=\"known-issue__link\">\n        <svg xmlns=\"http:\/\/www.w3.org\/2000\/svg\" width=\"24\" height=\"24\" viewBox=\"0 0 24 24\" fill=\"none\">\n    <path d=\"M7 17L17 7M17 7H7M17 7V17\" stroke=\"white\" stroke-linecap=\"round\" stroke-linejoin=\"round\" \/>\n<\/svg>    <\/div>\n<\/a>                                            <a href=\"https:\/\/sdcverifier.com\/es\/software\/sdc-verifier\/problemas-conocidos\/problemas-conocidos-de-sdc-verifier-2021-r2\/\" class=\"known-issue\">\n    <div class=\"known-issue__contacts\">\n        <h4>Problemas conocidos de SDC Verifier 2021 R2<\/h4>\n        <span><em>\/<\/em> 21 Sep 2022<\/span>\n    <\/div>\n    <div href=\"https:\/\/sdcverifier.com\/es\/software\/sdc-verifier\/problemas-conocidos\/problemas-conocidos-de-sdc-verifier-2021-r2\/\" class=\"known-issue__link\">\n        <svg xmlns=\"http:\/\/www.w3.org\/2000\/svg\" width=\"24\" height=\"24\" viewBox=\"0 0 24 24\" fill=\"none\">\n    <path d=\"M7 17L17 7M17 7H7M17 7V17\" stroke=\"white\" stroke-linecap=\"round\" stroke-linejoin=\"round\" \/>\n<\/svg>    <\/div>\n<\/a>                                            <a href=\"https:\/\/sdcverifier.com\/es\/software\/sdc-verifier\/problemas-conocidos\/problemas-conocidos-de-sdc-verifier-2022-r1-0-1\/\" class=\"known-issue\">\n    <div class=\"known-issue__contacts\">\n        <h4>Problemas conocidos de SDC Verifier 2022 R1.0.1<\/h4>\n        <span><em>\/<\/em> 21 Sep 2022<\/span>\n    <\/div>\n    <div href=\"https:\/\/sdcverifier.com\/es\/software\/sdc-verifier\/problemas-conocidos\/problemas-conocidos-de-sdc-verifier-2022-r1-0-1\/\" class=\"known-issue__link\">\n        <svg xmlns=\"http:\/\/www.w3.org\/2000\/svg\" width=\"24\" height=\"24\" viewBox=\"0 0 24 24\" fill=\"none\">\n    <path d=\"M7 17L17 7M17 7H7M17 7V17\" stroke=\"white\" stroke-linecap=\"round\" stroke-linejoin=\"round\" \/>\n<\/svg>    <\/div>\n<\/a>                                            <a href=\"https:\/\/sdcverifier.com\/es\/software\/sdc-verifier\/problemas-conocidos\/problemas-conocidos-de-sdc-verifier-2022-r1\/\" class=\"known-issue\">\n    <div class=\"known-issue__contacts\">\n        <h4>Problemas conocidos de SDC Verifier 2022 R1<\/h4>\n        <span><em>\/<\/em> 21 Sep 2022<\/span>\n    <\/div>\n    <div href=\"https:\/\/sdcverifier.com\/es\/software\/sdc-verifier\/problemas-conocidos\/problemas-conocidos-de-sdc-verifier-2022-r1\/\" class=\"known-issue__link\">\n        <svg xmlns=\"http:\/\/www.w3.org\/2000\/svg\" width=\"24\" height=\"24\" viewBox=\"0 0 24 24\" fill=\"none\">\n    <path d=\"M7 17L17 7M17 7H7M17 7V17\" stroke=\"white\" stroke-linecap=\"round\" stroke-linejoin=\"round\" \/>\n<\/svg>    <\/div>\n<\/a>                                            <a href=\"https:\/\/sdcverifier.com\/es\/software\/sdc-verifier\/problemas-conocidos\/problemas-conocidos-de-sdc-verifier-2021-r1-1\/\" class=\"known-issue\">\n    <div class=\"known-issue__contacts\">\n        <h4>Problemas conocidos de SDC Verifier 2021 R1.1<\/h4>\n        <span><em>\/<\/em> 23 Ago 2021<\/span>\n    <\/div>\n    <div href=\"https:\/\/sdcverifier.com\/es\/software\/sdc-verifier\/problemas-conocidos\/problemas-conocidos-de-sdc-verifier-2021-r1-1\/\" class=\"known-issue__link\">\n        <svg xmlns=\"http:\/\/www.w3.org\/2000\/svg\" width=\"24\" height=\"24\" viewBox=\"0 0 24 24\" fill=\"none\">\n    <path d=\"M7 17L17 7M17 7H7M17 7V17\" stroke=\"white\" stroke-linecap=\"round\" stroke-linejoin=\"round\" \/>\n<\/svg>    <\/div>\n<\/a>                                            <a href=\"https:\/\/sdcverifier.com\/es\/software\/sdc-verifier\/problemas-conocidos\/problemas-conocidos-de-sdc-verifier-2021-r1\/\" class=\"known-issue\">\n    <div class=\"known-issue__contacts\">\n        <h4>Problemas conocidos de SDC Verifier 2021 R1<\/h4>\n        <span><em>\/<\/em> 06 Abr 2021<\/span>\n    <\/div>\n    <div href=\"https:\/\/sdcverifier.com\/es\/software\/sdc-verifier\/problemas-conocidos\/problemas-conocidos-de-sdc-verifier-2021-r1\/\" class=\"known-issue__link\">\n        <svg xmlns=\"http:\/\/www.w3.org\/2000\/svg\" width=\"24\" height=\"24\" viewBox=\"0 0 24 24\" fill=\"none\">\n    <path d=\"M7 17L17 7M17 7H7M17 7V17\" stroke=\"white\" stroke-linecap=\"round\" stroke-linejoin=\"round\" \/>\n<\/svg>    <\/div>\n<\/a>                                            <a href=\"https:\/\/sdcverifier.com\/es\/software\/sdc-verifier\/problemas-conocidos\/problemas-conocidos-de-sdc-verifier-2020-0-1\/\" class=\"known-issue\">\n    <div class=\"known-issue__contacts\">\n        <h4>Problemas conocidos de SDC Verifier 2020.0.1<\/h4>\n        <span><em>\/<\/em> 23 Dic 2020<\/span>\n    <\/div>\n    <div href=\"https:\/\/sdcverifier.com\/es\/software\/sdc-verifier\/problemas-conocidos\/problemas-conocidos-de-sdc-verifier-2020-0-1\/\" class=\"known-issue__link\">\n        <svg xmlns=\"http:\/\/www.w3.org\/2000\/svg\" width=\"24\" height=\"24\" viewBox=\"0 0 24 24\" fill=\"none\">\n    <path d=\"M7 17L17 7M17 7H7M17 7V17\" stroke=\"white\" stroke-linecap=\"round\" stroke-linejoin=\"round\" \/>\n<\/svg>    <\/div>\n<\/a>                                                                <\/div>\n                            <div class=\"navigation\">\n                    <div class=\"navigation__items\">\n                        <span aria-current=\"page\" class=\"page-numbers current\">1<\/span><a class=\"page-numbers\" href=\"https:\/\/sdcverifier.com\/es\/wp-json\/wp\/v2\/pages\/90358\/page\/2\/\">2<\/a><a class=\"next page-numbers\" href=\"https:\/\/sdcverifier.com\/es\/wp-json\/wp\/v2\/pages\/90358\/page\/2\/\"><svg xmlns=\"http:\/\/www.w3.org\/2000\/svg\" width=\"14\" height=\"14\" viewBox=\"0 0 14 14\" fill=\"none\">\n<path d=\"M2.59961 2.31543L6.56869 7.00543C6.56869 7.00543 2.71083 11.5641 2.60229 11.6927M7.43555 2.2998L11.4046 6.9898L7.43555 11.6798\" stroke=\"#3D315C\" stroke-width=\"1.34\"\/>\n<\/svg><\/a>                    <\/div>\n                <\/div>\n                        <div class=\"loader\"><\/div>\n        <\/div>\n    <\/div>\n<\/section><section class=\"time-save\">\n    <div class=\"wrapper\">\n        <div class=\"time-save__container\">\n            <div class=\"time-save__left\">\n                <img decoding=\"async\" width=\"1136\" height=\"1382\" src=\"https:\/\/sdcverifier.com\/wp-content\/uploads\/2025\/02\/Group-2072751587.png\" class=\"attachment-full size-full\" alt=\"\" srcset=\"https:\/\/sdcverifier.com\/wp-content\/uploads\/2025\/02\/Group-2072751587.png 1136w, https:\/\/sdcverifier.com\/wp-content\/uploads\/2025\/02\/Group-2072751587-247x300.png 247w, https:\/\/sdcverifier.com\/wp-content\/uploads\/2025\/02\/Group-2072751587-659x802.png 659w, https:\/\/sdcverifier.com\/wp-content\/uploads\/2025\/02\/Group-2072751587-768x934.png 768w\" sizes=\"(max-width: 1136px) 100vw, 1136px\" \/>            <\/div>\n            <div class=\"time-save__right\">\n                <h2 class=\"h3\">\u0421ontact Form<\/h2>                <div class=\"form\">\n\n\n                                            \n<div class=\"wpcf7 no-js\" id=\"wpcf7-f97236-o1\" lang=\"es-ES\" dir=\"ltr\" data-wpcf7-id=\"97236\">\n<div class=\"screen-reader-response\"><p role=\"status\" aria-live=\"polite\" aria-atomic=\"true\"><\/p> <ul><\/ul><\/div>\n<form action=\"\/es\/wp-json\/wp\/v2\/pages\/90358#wpcf7-f97236-o1\" method=\"post\" class=\"wpcf7-form init problemas-conocidos\" aria-label=\"Formulario de contacto\" novalidate=\"novalidate\" data-status=\"init\">\n<fieldset class=\"hidden-fields-container\"><input type=\"hidden\" name=\"_wpcf7\" value=\"97236\" \/><input type=\"hidden\" name=\"_wpcf7_version\" value=\"6.1.5\" \/><input type=\"hidden\" name=\"_wpcf7_locale\" value=\"es_ES\" \/><input type=\"hidden\" name=\"_wpcf7_unit_tag\" value=\"wpcf7-f97236-o1\" \/><input type=\"hidden\" name=\"_wpcf7_container_post\" value=\"0\" \/><input type=\"hidden\" name=\"_wpcf7_posted_data_hash\" value=\"\" \/><input type=\"hidden\" name=\"_wpcf7cf_hidden_group_fields\" value=\"[]\" \/><input type=\"hidden\" name=\"_wpcf7cf_hidden_groups\" value=\"[]\" \/><input type=\"hidden\" name=\"_wpcf7cf_visible_groups\" value=\"[]\" \/><input type=\"hidden\" name=\"_wpcf7cf_repeaters\" value=\"[]\" \/><input type=\"hidden\" name=\"_wpcf7cf_steps\" value=\"{}\" \/><input type=\"hidden\" name=\"_wpcf7cf_options\" value=\"{&quot;form_id&quot;:97236,&quot;conditions&quot;:[],&quot;settings&quot;:{&quot;animation&quot;:&quot;yes&quot;,&quot;animation_intime&quot;:200,&quot;animation_outtime&quot;:200,&quot;conditions_ui&quot;:&quot;normal&quot;,&quot;notice_dismissed&quot;:false,&quot;notice_dismissed_update-cf7-6.1.1&quot;:true}}\" \/><input type=\"hidden\" name=\"_wpcf7dtx_version\" value=\"5.0.5\" \/><input type=\"hidden\" name=\"_wpcf7_recaptcha_response\" value=\"\" \/>\n<\/fieldset>\n<span class=\"wpcf7-form-control-wrap industry\" data-name=\"industry\"><input type=\"hidden\" name=\"industry\" class=\"wpcf7-form-control wpcf7-hidden wpcf7dtx wpcf7dtx-hidden\" aria-invalid=\"false\"><\/span>\n<span class=\"wpcf7-form-control-wrap element_type\" data-name=\"element_type\"><input type=\"hidden\" name=\"element_type\" class=\"wpcf7-form-control wpcf7-hidden wpcf7dtx wpcf7dtx-hidden\" aria-invalid=\"false\"><\/span>\n<span class=\"wpcf7-form-control-wrap elements_number\" data-name=\"elements_number\"><input type=\"hidden\" name=\"elements_number\" class=\"wpcf7-form-control wpcf7-hidden wpcf7dtx wpcf7dtx-hidden\" aria-invalid=\"false\"><\/span>\n<span class=\"wpcf7-form-control-wrap standard\" data-name=\"standard\"><input type=\"hidden\" name=\"standard\" class=\"wpcf7-form-control wpcf7-hidden wpcf7dtx wpcf7dtx-hidden\" aria-invalid=\"false\"><\/span>\n<span class=\"wpcf7-form-control-wrap check_type\" data-name=\"check_type\"><input type=\"hidden\" name=\"check_type\" class=\"wpcf7-form-control wpcf7-hidden wpcf7dtx wpcf7dtx-hidden\" aria-invalid=\"false\"><\/span>\n<input class=\"wpcf7-form-control wpcf7-hidden\" id=\"country-code\" value=\"\" type=\"hidden\" name=\"country-code\" \/>\n<div class=\"contacts-form__row\">\n    <div class=\"contacts-form__col\">\n        <label class=\"contacts-form__label\">\n            <span>Nombre<\/span>\n<span class=\"wpcf7-form-control-wrap\" data-name=\"first-name\"><input size=\"40\" maxlength=\"400\" class=\"wpcf7-form-control wpcf7-text wpcf7-validates-as-required first-name name\" aria-required=\"true\" aria-invalid=\"false\" placeholder=\"Nombre\" value=\"\" type=\"text\" name=\"first-name\" \/><\/span>\n        <\/label>\n    <\/div>\n    <div class=\"contacts-form__col\">\n        <label class=\"contacts-form__label\">\n            <span>Apellido<\/span>\n <span class=\"wpcf7-form-control-wrap\" data-name=\"last-name\"><input size=\"40\" maxlength=\"400\" class=\"wpcf7-form-control wpcf7-text wpcf7-validates-as-required last-name surname\" aria-required=\"true\" aria-invalid=\"false\" placeholder=\"Apellido\" value=\"\" type=\"text\" name=\"last-name\" \/><\/span>\n        <\/label>\n    <\/div>\n<\/div>\n<div class=\"contacts-form__row\">\n    <div class=\"contacts-form__col\">\n        <label class=\"contacts-form__label\">\n            Correo Electr\u00f3nico\n<span class=\"wpcf7-form-control-wrap\" data-name=\"your-email\"><input size=\"40\" maxlength=\"400\" class=\"wpcf7-form-control wpcf7-email wpcf7-validates-as-required wpcf7-text wpcf7-validates-as-email email-input\" aria-required=\"true\" aria-invalid=\"false\" placeholder=\"Correo Electr\u00f3nico\" value=\"\" type=\"email\" name=\"your-email\" \/><\/span>\n        <\/label>\n    <\/div>\n    <div class=\"contacts-form__col\">\n        <label class=\"contacts-form__label\">\n            <span>Phone<\/span>\n<span class=\"wpcf7-form-control-wrap\" data-name=\"your-phone\"><input size=\"40\" class=\"wpcf7-form-control wpcf7-phonetext wpcf7-validates-as-required wpcf7-text wpcf7-validates-as-phonetext\" data-numberonly=\"true\" aria-required=\"true\" aria-invalid=\"false\" value=\"\" type=\"text\" name=\"your-phone\" \/><input type=\"hidden\" name=\"your-phone-country-code\" class=\"wpcf7-phonetext-country-code\" \/><\/span>\n        <\/label>\n    <\/div>\n<\/div>\n\n<span id=\"wpcf7-6a00313c666f1-wrapper\" class=\"wpcf7-form-control-wrap your-address-wrap\" ><input type=\"hidden\" name=\"your-address-time-start\" value=\"1778397500\"><input type=\"hidden\" name=\"your-address-time-check\" value=\"4\"><label for=\"wpcf7-6a00313c666f1-field\" class=\"hp-message\">Por favor, deja este campo vac\u00edo.<\/label><input id=\"wpcf7-6a00313c666f1-field\"  class=\"wpcf7-form-control wpcf7-text\" type=\"text\" name=\"your-address\" value=\"\" size=\"40\" tabindex=\"-1\" autocomplete=\"new-password\" \/><\/span>\n\n<div class=\"contacts-form__row\">\n    <label class=\"contacts-form__label\">\n        <span>Message<\/span>\n<span class=\"wpcf7-form-control-wrap\" data-name=\"message\"><textarea cols=\"40\" rows=\"10\" maxlength=\"2000\" class=\"wpcf7-form-control wpcf7-textarea message\" aria-invalid=\"false\" placeholder=\"Message...\" name=\"message\"><\/textarea><\/span>\n    <\/label>\n<\/div>\n\n<span id=\"wpcf7-6a00313c668dd-wrapper\" class=\"wpcf7-form-control-wrap accept-wrap\" ><input type=\"hidden\" name=\"accept-time-start\" value=\"1778397500\"><input type=\"hidden\" name=\"accept-time-check\" value=\"4\"><label for=\"wpcf7-6a00313c668dd-field\" class=\"hp-message\">Por favor, deja este campo vac\u00edo.<\/label><input id=\"wpcf7-6a00313c668dd-field\"  class=\"wpcf7-form-control wpcf7-text\" type=\"text\" name=\"accept\" value=\"\" size=\"40\" tabindex=\"-1\" autocomplete=\"off\" \/><\/span><span class=\"wpcf7-form-control-wrap utm_source\" data-name=\"utm_source\"><input type=\"hidden\" name=\"utm_source\" class=\"wpcf7-form-control wpcf7-hidden wpcf7dtx wpcf7dtx-hidden utm_source\" aria-invalid=\"false\"><\/span><span class=\"wpcf7-form-control-wrap utm_medium\" data-name=\"utm_medium\"><input type=\"hidden\" name=\"utm_medium\" class=\"wpcf7-form-control wpcf7-hidden wpcf7dtx wpcf7dtx-hidden utm_medium\" aria-invalid=\"false\"><\/span><span class=\"wpcf7-form-control-wrap utm_term\" data-name=\"utm_term\"><input type=\"hidden\" name=\"utm_term\" class=\"wpcf7-form-control wpcf7-hidden wpcf7dtx wpcf7dtx-hidden utm_term\" aria-invalid=\"false\"><\/span><span class=\"wpcf7-form-control-wrap utm_campaign\" data-name=\"utm_campaign\"><input type=\"hidden\" name=\"utm_campaign\" class=\"wpcf7-form-control wpcf7-hidden wpcf7dtx wpcf7dtx-hidden utm_campaign\" aria-invalid=\"false\"><\/span><span class=\"wpcf7-form-control-wrap utm_content\" data-name=\"utm_content\"><input type=\"hidden\" name=\"utm_content\" class=\"wpcf7-form-control wpcf7-hidden wpcf7dtx wpcf7dtx-hidden utm_content\" aria-invalid=\"false\"><\/span><span class=\"wpcf7-form-control-wrap referer-page\" data-name=\"referer-page\"><input type=\"hidden\" name=\"referer-page\" class=\"wpcf7-form-control wpcf7-hidden wpcf7dtx wpcf7dtx-hidden dtx-pageload\" aria-invalid=\"false\" value=\"CF7_referente\" data-dtx-value=\"CF7_referente\"><\/span><input class=\"wpcf7-form-control wpcf7-hidden\" value=\"1307\" type=\"hidden\" name=\"form_id\" \/><input class=\"wpcf7-form-control wpcf7-hidden\" value=\"\" type=\"hidden\" name=\"source\" \/><input class=\"wpcf7-form-control wpcf7-hidden\" value=\"\" type=\"hidden\" name=\"medium\" \/>\n\n<div class=\"contacts-form__row contacts-form__action\">\n    <button type=\"submit\" class=\"btn btn--green\">\n        <span>Enviar mensaje<\/span>\n        <span>\n            <svg xmlns=\"http:\/\/www.w3.org\/2000\/svg\" width=\"14\" height=\"14\" viewbox=\"0 0 14 14\" fill=\"none\">\n                <path d=\"M2.59961 2.31543L6.56869 7.00543C6.56869 7.00543 2.71083 11.5641 2.60229 11.6927M7.43555 2.2998L11.4046 6.9898L7.43555 11.6798\" stroke=\"#3D315C\" stroke-width=\"1.34\"><\/path>\n            <\/svg>\n            <svg xmlns=\"http:\/\/www.w3.org\/2000\/svg\" width=\"14\" height=\"14\" viewbox=\"0 0 14 14\" fill=\"none\">\n                <path d=\"M2.59961 2.31543L6.56869 7.00543C6.56869 7.00543 2.71083 11.5641 2.60229 11.6927M7.43555 2.2998L11.4046 6.9898L7.43555 11.6798\" stroke=\"#3D315C\" stroke-width=\"1.34\"><\/path>\n            <\/svg>\n        <\/span>\n    <\/button>\n<\/div><div class=\"wpcf7-response-output\" aria-hidden=\"true\"><\/div>\n<\/form>\n<\/div>\n                                    <\/div>\n                            <\/div>\n        <\/div>\n    <\/div>\n<\/section>\n\n<section class=\"subscribe\">\n    <div class=\"wrapper\">\n        <div class=\"subscribe__container\">\n            <canvas id=\"subscribeCanvas\"><\/canvas>\n            <div>\n                <h2 class=\"h3\">Mant\u00e9ngase al d\u00eda de todas las novedades<\/h2>                <p>Suscr\u00edbase para recibir notificaciones sobre nuevos tutoriales, consejos y actualizaciones. \u00a1Suscr\u00edbase ahora y no se pierda nunca informaci\u00f3n importante! <\/p>            <\/div>\n            <div class=\"subscribe-form\">\n    <input size=\"40\" maxlength=\"400\" placeholder=\"Enter your email\" value=\"\" type=\"email\">\n    <button aria-label=\"Send\" data-popup=\"subscribe-popup\" class=\"open-popup subscribe-form__submit\">Send<\/button>\n    <p style=\"display: none;\" class=\"subscribe-form__error\">Introduce una direcci\u00f3n de correo electr\u00f3nico v\u00e1lida.<\/p>\n<\/div>        <\/div>\n    <\/div>\n<\/section>","protected":false},"excerpt":{"rendered":"","protected":false},"author":16,"featured_media":0,"parent":90983,"menu_order":25,"comment_status":"closed","ping_status":"closed","template":"","meta":{"_acf_changed":false,"inline_featured_image":false,"footnotes":""},"class_list":["post-90358","page","type-page","status-publish","hentry"],"acf":[],"aioseo_notices":[],"_links":{"self":[{"href":"https:\/\/sdcverifier.com\/es\/wp-json\/wp\/v2\/pages\/90358","targetHints":{"allow":["GET"]}}],"collection":[{"href":"https:\/\/sdcverifier.com\/es\/wp-json\/wp\/v2\/pages"}],"about":[{"href":"https:\/\/sdcverifier.com\/es\/wp-json\/wp\/v2\/types\/page"}],"author":[{"embeddable":true,"href":"https:\/\/sdcverifier.com\/es\/wp-json\/wp\/v2\/users\/16"}],"replies":[{"embeddable":true,"href":"https:\/\/sdcverifier.com\/es\/wp-json\/wp\/v2\/comments?post=90358"}],"version-history":[{"count":0,"href":"https:\/\/sdcverifier.com\/es\/wp-json\/wp\/v2\/pages\/90358\/revisions"}],"up":[{"embeddable":true,"href":"https:\/\/sdcverifier.com\/es\/wp-json\/wp\/v2\/pages\/90983"}],"wp:attachment":[{"href":"https:\/\/sdcverifier.com\/es\/wp-json\/wp\/v2\/media?parent=90358"}],"curies":[{"name":"wp","href":"https:\/\/api.w.org\/{rel}","templated":true}]}}